{"id":1962,"date":"2026-03-28T13:15:48","date_gmt":"2026-03-28T19:15:48","guid":{"rendered":"https:\/\/mm.cua.uam.mx\/?page_id=1962"},"modified":"2026-03-31T10:09:39","modified_gmt":"2026-03-31T16:09:39","slug":"documental-expandido","status":"publish","type":"page","link":"https:\/\/mm.cua.uam.mx\/index.php\/documental-expandido\/","title":{"rendered":"Documental Expandido"},"content":{"rendered":"\t\t<div data-elementor-type=\"wp-page\" data-elementor-id=\"1962\" class=\"elementor elementor-1962\">\n\t\t\t\t\t\t<\/div>\n\t\t","protected":false},"excerpt":{"rendered":"<p>Documental Expandido En Documental Expandido se presentan proyectos multiplataforma, webdocs y propuestas documentales que exploran nuevas formas de narrar. Esta secci\u00f3n da cabida a trabajos que combinan investigaci\u00f3n, imagen, texto, interactividad y experimentaci\u00f3n para ampliar las posibilidades del documental m\u00e1s all\u00e1 de la pantalla tradicional.<\/p>\n","protected":false},"author":2,"featured_media":0,"parent":0,"menu_order":0,"comment_status":"closed","ping_status":"closed","template":"page-templates\/template-pagebuilder-full-width.php","meta":{"neve_meta_sidebar":"","neve_meta_container":"","neve_meta_enable_content_width":"","neve_meta_content_width":0,"neve_meta_title_alignment":"","neve_meta_author_avatar":"","neve_post_elements_order":"","neve_meta_disable_header":"","neve_meta_disable_footer":"","neve_meta_disable_title":"","footnotes":""},"class_list":["post-1962","page","type-page","status-publish","hentry"],"_links":{"self":[{"href":"https:\/\/mm.cua.uam.mx\/index.php\/wp-json\/wp\/v2\/pages\/1962","targetHints":{"allow":["GET"]}}],"collection":[{"href":"https:\/\/mm.cua.uam.mx\/index.php\/wp-json\/wp\/v2\/pages"}],"about":[{"href":"https:\/\/mm.cua.uam.mx\/index.php\/wp-json\/wp\/v2\/types\/page"}],"author":[{"embeddable":true,"href":"https:\/\/mm.cua.uam.mx\/index.php\/wp-json\/wp\/v2\/users\/2"}],"replies":[{"embeddable":true,"href":"https:\/\/mm.cua.uam.mx\/index.php\/wp-json\/wp\/v2\/comments?post=1962"}],"version-history":[{"count":19,"href":"https:\/\/mm.cua.uam.mx\/index.php\/wp-json\/wp\/v2\/pages\/1962\/revisions"}],"predecessor-version":[{"id":2074,"href":"https:\/\/mm.cua.uam.mx\/index.php\/wp-json\/wp\/v2\/pages\/1962\/revisions\/2074"}],"wp:attachment":[{"href":"https:\/\/mm.cua.uam.mx\/index.php\/wp-json\/wp\/v2\/media?parent=1962"}],"curies":[{"name":"wp","href":"https:\/\/api.w.org\/{rel}","templated":true}]}}